{"id":13,"date":"2023-09-21T20:15:40","date_gmt":"2023-09-21T18:15:40","guid":{"rendered":"https:\/\/votredentisteaparis.com\/?page_id=13"},"modified":"2023-12-25T17:03:03","modified_gmt":"2023-12-25T16:03:03","slug":"qui-sommes-nous","status":"publish","type":"page","link":"https:\/\/votredentisteaparis.com\/index.php\/qui-sommes-nous\/","title":{"rendered":"QUI SOMMES NOUS ?"},"content":{"rendered":"<p>[et_pb_section fb_built=&#8221;1&#8243; _builder_version=&#8221;4.23.1&#8243; _module_preset=&#8221;default&#8221; background_enable_image=&#8221;off&#8221; global_colors_info=&#8221;{}&#8221;][et_pb_row _builder_version=&#8221;4.23.1&#8243; _module_preset=&#8221;default&#8221; global_colors_info=&#8221;{}&#8221;][et_pb_column type=&#8221;4_4&#8243; _builder_version=&#8221;4.23.1&#8243; _module_preset=&#8221;default&#8221; global_colors_info=&#8221;{}&#8221;][et_pb_text _builder_version=&#8221;4.23.1&#8243; _module_preset=&#8221;default&#8221; global_colors_info=&#8221;{}&#8221;]<\/p>\n<p><span style=\"vertical-align: inherit;\"><span style=\"vertical-align: inherit;\">\u00a0 Notre cabinet dentaire est situ\u00e9 \u00e0 deux pas des Champs Elys\u00e9es et de l&#8217;Avenue George V. Un accueil privil\u00e9gi\u00e9 dans un environnement raffin\u00e9 et confidentiel vous y est r\u00e9serv\u00e9.<\/span><\/span><\/p>\n<p><span style=\"vertical-align: inherit;\"><span style=\"vertical-align: inherit;\">Depuis de nombreuses ann\u00e9es, je me suis sp\u00e9cialis\u00e9 en Implantologie, en Dentisterie Esth\u00e9tique et en Dentisterie pour Seniors. <\/span><span style=\"vertical-align: inherit;\">De par ma responsabilit\u00e9 du service d&#8217; Implantologie Mini-Invasive dans une facult\u00e9 europ\u00e9enne (EIMS) et ma formation universitaire aux Etats-Unis, en Su\u00e8de et en France, j&#8217;ai d\u00e9velopp\u00e9 au sein de mon cabinet en plus de la dentisterie g\u00e9n\u00e9rale, une sp\u00e9cialit\u00e9 d\u00e9di\u00e9e aux personnes \u00e2g\u00e9es : la Dentisterie pour Senior.<\/span><\/span><\/p>\n<p><span style=\"vertical-align: inherit;\"><span style=\"vertical-align: inherit;\">De plus, eux d&#8217;apporter \u00e0 nos patients le meilleur de la technologie, le Docteur Patrick Bermot investit dans des mat\u00e9riels permettant d&#8217;augmenter la pr\u00e9cision de ses travaux tant sur le plan chirurgical que proth\u00e9tique : ainsi l&#8217;acquisition d&#8217;un logiciel de simulation implantaire en 3D pour le placement id\u00e9al des implants et d&#8217;une cam\u00e9ra optique pour r\u00e9aliser des empreintes de nouvelle g\u00e9n\u00e9ration, vous aurez ainsi \u00e0 supporter les empreintes classiques provoquant la naus\u00e9e.<\/span><\/span><\/p>\n<p><span style=\"vertical-align: inherit;\"><span style=\"vertical-align: inherit;\">Notre champ d&#8217;action va du simple d\u00e9tartrage aux soins dentaires divers et vari\u00e9s et en passant par la chirurgie parodontale (gencive et os) et implantaire et la r\u00e9alisation de proth\u00e8se c\u00e9ramique esth\u00e9tique.<\/span><\/span><\/p>\n<p>&nbsp;<\/p>\n<p>&nbsp;<\/p>\n<p>[\/et_pb_text][\/et_pb_column][\/et_pb_row][et_pb_row column_structure=&#8221;1_2,1_2&#8243; _builder_version=&#8221;4.23.1&#8243; _module_preset=&#8221;default&#8221; global_colors_info=&#8221;{}&#8221;][et_pb_column type=&#8221;1_2&#8243; _builder_version=&#8221;4.23.1&#8243; _module_preset=&#8221;default&#8221; global_colors_info=&#8221;{}&#8221;][et_pb_image src=&#8221;https:\/\/votredentisteaparis.com\/wp-content\/uploads\/2023\/11\/Scanner-Sirona.png&#8221; title_text=&#8221;Scanner Sirona&#8221; _builder_version=&#8221;4.23.1&#8243; _module_preset=&#8221;default&#8221; global_colors_info=&#8221;{}&#8221;][\/et_pb_image][\/et_pb_column][et_pb_column type=&#8221;1_2&#8243; _builder_version=&#8221;4.23.1&#8243; _module_preset=&#8221;default&#8221; global_colors_info=&#8221;{}&#8221;][et_pb_video src_webm=&#8221;https:\/\/votredentisteaparis.com\/wp-content\/uploads\/2023\/11\/Camera-Medit-VDAP.mp4&#8243; _builder_version=&#8221;4.23.1&#8243; _module_preset=&#8221;default&#8221; global_colors_info=&#8221;{}&#8221;][\/et_pb_video][\/et_pb_column][\/et_pb_row][\/et_pb_section]<\/p>\n","protected":false},"excerpt":{"rendered":"<p>\u00a0 Notre cabinet dentaire est situ\u00e9 \u00e0 deux pas des Champs Elys\u00e9es et de l&#8217;Avenue George V. Un accueil privil\u00e9gi\u00e9 dans un environnement raffin\u00e9 et confidentiel vous y est r\u00e9serv\u00e9. Depuis de nombreuses ann\u00e9es, je me suis sp\u00e9cialis\u00e9 en Implantologie, en Dentisterie Esth\u00e9tique et en Dentisterie pour Seniors. De par ma responsabilit\u00e9 du service d&#8217; [&hellip;]<\/p>\n","protected":false},"author":1,"featured_media":0,"parent":0,"menu_order":0,"comment_status":"closed","ping_status":"closed","template":"","meta":{"_et_pb_use_builder":"on","_et_pb_old_content":"<!-- wp:divi\/placeholder \/-->","_et_gb_content_width":"","footnotes":""},"_links":{"self":[{"href":"https:\/\/votredentisteaparis.com\/index.php\/wp-json\/wp\/v2\/pages\/13"}],"collection":[{"href":"https:\/\/votredentisteaparis.com\/index.php\/wp-json\/wp\/v2\/pages"}],"about":[{"href":"https:\/\/votredentisteaparis.com\/index.php\/wp-json\/wp\/v2\/types\/page"}],"author":[{"embeddable":true,"href":"https:\/\/votredentisteaparis.com\/index.php\/wp-json\/wp\/v2\/users\/1"}],"replies":[{"embeddable":true,"href":"https:\/\/votredentisteaparis.com\/index.php\/wp-json\/wp\/v2\/comments?post=13"}],"version-history":[{"count":7,"href":"https:\/\/votredentisteaparis.com\/index.php\/wp-json\/wp\/v2\/pages\/13\/revisions"}],"predecessor-version":[{"id":473,"href":"https:\/\/votredentisteaparis.com\/index.php\/wp-json\/wp\/v2\/pages\/13\/revisions\/473"}],"wp:attachment":[{"href":"https:\/\/votredentisteaparis.com\/index.php\/wp-json\/wp\/v2\/media?parent=13"}],"curies":[{"name":"wp","href":"https:\/\/api.w.org\/{rel}","templated":true}]}}